{"id":238,"date":"2020-09-20T20:42:47","date_gmt":"2020-09-21T01:42:47","guid":{"rendered":"https:\/\/legno.com.co\/?page_id=238"},"modified":"2020-10-28T22:19:41","modified_gmt":"2020-10-29T03:19:41","slug":"closet","status":"publish","type":"page","link":"https:\/\/legno.com.co\/?page_id=238","title":{"rendered":"CLOSET"},"content":{"rendered":"\t\t<div data-elementor-type=\"wp-page\" data-elementor-id=\"238\" class=\"elementor elementor-238\" data-elementor-settings=\"[]\">\n\t\t\t\t\t\t<div class=\"elementor-inner\">\n\t\t\t\t\t\t\t<div class=\"elementor-section-wrap\">\n\t\t\t\t\t\t\t<section class=\"elementor-section elementor-top-section elementor-element elementor-element-b821940 elementor-section-boxed elementor-section-height-default elementor-section-height-default\" data-id=\"b821940\" data-element_type=\"section\">\n\t\t\t\t\t\t<div class=\"elementor-container elementor-column-gap-default\">\n\t\t\t\t\t\t\t<div class=\"elementor-row\">\n\t\t\t\t\t<div class=\"elementor-column elementor-col-100 elementor-top-column elementor-element elementor-element-a2ee237\" data-id=\"a2ee237\" data-element_type=\"column\">\n\t\t\t<div class=\"elementor-column-wrap elementor-element-populated\">\n\t\t\t\t\t\t\t<div class=\"elementor-widget-wrap\">\n\t\t\t\t\t\t<div class=\"elementor-element elementor-element-086d022 elementor-widget elementor-widget-heading\" data-id=\"086d022\" data-element_type=\"widget\" data-widget_type=\"heading.default\">\n\t\t\t\t<div class=\"elementor-widget-container\">\n\t\t\t<h6 class=\"elementor-heading-title elementor-size-default\">CLOSET SENCILLO<\/h6>\t\t<\/div>\n\t\t\t\t<\/div>\n\t\t\t\t<div class=\"elementor-element elementor-element-19277a0 elementor-pagination-position-inside elementor-arrows-position-inside elementor-widget elementor-widget-image-carousel\" data-id=\"19277a0\" data-element_type=\"widget\" data-settings=\"{&quot;navigation&quot;:&quot;both&quot;,&quot;autoplay&quot;:&quot;yes&quot;,&quot;pause_on_hover&quot;:&quot;yes&quot;,&quot;pause_on_interaction&quot;:&quot;yes&quot;,&quot;autoplay_speed&quot;:5000,&quot;infinite&quot;:&quot;yes&quot;,&quot;speed&quot;:500}\" data-widget_type=\"image-carousel.default\">\n\t\t\t\t<div class=\"elementor-widget-container\">\n\t\t\t\t\t<div class=\"elementor-image-carousel-wrapper swiper-container\" dir=\"ltr\">\n\t\t\t<div class=\"elementor-image-carousel swiper-wrapper\">\n\t\t\t\t<div class=\"swiper-slide\"><figure class=\"swiper-slide-inner\"><img class=\"swiper-slide-image\" src=\"https:\/\/legno.com.co\/wp-content\/uploads\/2020\/09\/CLOSET-51-1.jpg\" alt=\"CLOSET 51\" \/><\/figure><\/div><div class=\"swiper-slide\"><figure class=\"swiper-slide-inner\"><img class=\"swiper-slide-image\" src=\"https:\/\/legno.com.co\/wp-content\/uploads\/2020\/09\/CLOSET-52.jpg\" alt=\"CLOSET 52\" \/><\/figure><\/div><div class=\"swiper-slide\"><figure class=\"swiper-slide-inner\"><img class=\"swiper-slide-image\" src=\"https:\/\/legno.com.co\/wp-content\/uploads\/2020\/09\/CLOSET-53.jpg\" alt=\"CLOSET 53\" \/><\/figure><\/div><div class=\"swiper-slide\"><figure class=\"swiper-slide-inner\"><img class=\"swiper-slide-image\" src=\"https:\/\/legno.com.co\/wp-content\/uploads\/2020\/09\/CLOSET-54.jpg\" alt=\"CLOSET 54\" \/><\/figure><\/div><div class=\"swiper-slide\"><figure class=\"swiper-slide-inner\"><img class=\"swiper-slide-image\" src=\"https:\/\/legno.com.co\/wp-content\/uploads\/2020\/09\/CLOSET-55.jpg\" alt=\"CLOSET 55\" \/><\/figure><\/div><div class=\"swiper-slide\"><figure class=\"swiper-slide-inner\"><img class=\"swiper-slide-image\" src=\"https:\/\/legno.com.co\/wp-content\/uploads\/2020\/09\/CLOSET-56.jpg\" alt=\"CLOSET 56\" \/><\/figure><\/div><div class=\"swiper-slide\"><figure class=\"swiper-slide-inner\"><img class=\"swiper-slide-image\" src=\"https:\/\/legno.com.co\/wp-content\/uploads\/2020\/10\/CLOSET-23.jpg\" alt=\"CLOSET 23\" \/><\/figure><\/div><div class=\"swiper-slide\"><figure class=\"swiper-slide-inner\"><img class=\"swiper-slide-image\" src=\"https:\/\/legno.com.co\/wp-content\/uploads\/2020\/10\/CLOSET-24.jpg\" alt=\"CLOSET 24\" \/><\/figure><\/div><div class=\"swiper-slide\"><figure class=\"swiper-slide-inner\"><img class=\"swiper-slide-image\" src=\"https:\/\/legno.com.co\/wp-content\/uploads\/2020\/10\/CLOSET-25.jpg\" alt=\"CLOSET 25\" \/><\/figure><\/div><div class=\"swiper-slide\"><figure class=\"swiper-slide-inner\"><img class=\"swiper-slide-image\" src=\"https:\/\/legno.com.co\/wp-content\/uploads\/2020\/10\/CLOSET-26.jpg\" alt=\"CLOSET 26\" \/><\/figure><\/div><div class=\"swiper-slide\"><figure class=\"swiper-slide-inner\"><img class=\"swiper-slide-image\" src=\"https:\/\/legno.com.co\/wp-content\/uploads\/2020\/09\/CLOSET-62.jpg\" alt=\"CLOSET 62\" \/><\/figure><\/div><div class=\"swiper-slide\"><figure class=\"swiper-slide-inner\"><img class=\"swiper-slide-image\" src=\"https:\/\/legno.com.co\/wp-content\/uploads\/2020\/09\/CLOSET-61-1.jpg\" alt=\"CLOSET 61\" \/><\/figure><\/div><div class=\"swiper-slide\"><figure class=\"swiper-slide-inner\"><img class=\"swiper-slide-image\" src=\"https:\/\/legno.com.co\/wp-content\/uploads\/2020\/09\/CLOSET-63.jpg\" alt=\"CLOSET 63\" \/><\/figure><\/div><div class=\"swiper-slide\"><figure class=\"swiper-slide-inner\"><img class=\"swiper-slide-image\" src=\"https:\/\/legno.com.co\/wp-content\/uploads\/2020\/09\/CLOSET-64.jpg\" alt=\"CLOSET 64\" \/><\/figure><\/div><div class=\"swiper-slide\"><figure class=\"swiper-slide-inner\"><img class=\"swiper-slide-image\" src=\"https:\/\/legno.com.co\/wp-content\/uploads\/2020\/09\/CLOSET-65.jpg\" alt=\"CLOSET 65\" \/><\/figure><\/div><div class=\"swiper-slide\"><figure class=\"swiper-slide-inner\"><img class=\"swiper-slide-image\" src=\"https:\/\/legno.com.co\/wp-content\/uploads\/2020\/09\/CLOSET-66.jpg\" alt=\"CLOSET 66\" \/><\/figure><\/div>\t\t\t<\/div>\n\t\t\t\t\t\t\t\t\t\t\t\t<div class=\"swiper-pagination\"><\/div>\n\t\t\t\t\t\t\t\t\t\t\t\t\t<div class=\"elementor-swiper-button elementor-swiper-button-prev\">\n\t\t\t\t\t\t<i class=\"eicon-chevron-left\" aria-hidden=\"true\"><\/i>\n\t\t\t\t\t\t<span class=\"elementor-screen-only\">Anterior<\/span>\n\t\t\t\t\t<\/div>\n\t\t\t\t\t<div class=\"elementor-swiper-button elementor-swiper-button-next\">\n\t\t\t\t\t\t<i class=\"eicon-chevron-right\" aria-hidden=\"true\"><\/i>\n\t\t\t\t\t\t<span class=\"elementor-screen-only\">Siguiente<\/span>\n\t\t\t\t\t<\/div>\n\t\t\t\t\t\t\t\t\t<\/div>\n\t\t\t\t<\/div>\n\t\t\t\t<\/div>\n\t\t\t\t<div class=\"elementor-element elementor-element-2405e18 elementor-widget elementor-widget-text-editor\" data-id=\"2405e18\" data-element_type=\"widget\" data-widget_type=\"text-editor.default\">\n\t\t\t\t<div class=\"elementor-widget-container\">\n\t\t\t\t\t<div class=\"elementor-text-editor elementor-clearfix\"><p>Closet sencillo y econ\u00f3mico, estructura fabricada en aglomerado 15mm y puertas en aglomerado 18mm color a escoger por el cliente. Comprende 5 entrepa\u00f1os, maletero superior y tubos ovalados para colgar ropa. En la versi\u00f3n de puertas para abrir se instalan bisagras cierre lento y manijas tubulares. en la versi\u00f3n de puertas corredizas se instala sistema cordobesa con manijas de incrustar.<\/p><\/div>\n\t\t\t\t<\/div>\n\t\t\t\t<\/div>\n\t\t\t\t\t\t<\/div>\n\t\t\t\t\t<\/div>\n\t\t<\/div>\n\t\t\t\t\t\t\t\t<\/div>\n\t\t\t\t\t<\/div>\n\t\t<\/section>\n\t\t\t\t<section class=\"elementor-section elementor-top-section elementor-element elementor-element-e8e1f13 elementor-section-boxed elementor-section-height-default elementor-section-height-default\" data-id=\"e8e1f13\" data-element_type=\"section\">\n\t\t\t\t\t\t<div class=\"elementor-container elementor-column-gap-default\">\n\t\t\t\t\t\t\t<div class=\"elementor-row\">\n\t\t\t\t\t<div class=\"elementor-column elementor-col-100 elementor-top-column elementor-element elementor-element-3458903\" data-id=\"3458903\" data-element_type=\"column\">\n\t\t\t<div class=\"elementor-column-wrap elementor-element-populated\">\n\t\t\t\t\t\t\t<div class=\"elementor-widget-wrap\">\n\t\t\t\t\t\t<div class=\"elementor-element elementor-element-73c6375 elementor-widget elementor-widget-heading\" data-id=\"73c6375\" data-element_type=\"widget\" data-widget_type=\"heading.default\">\n\t\t\t\t<div class=\"elementor-widget-container\">\n\t\t\t<h6 class=\"elementor-heading-title elementor-size-default\">CLOSET TIPO L<\/h6>\t\t<\/div>\n\t\t\t\t<\/div>\n\t\t\t\t<div class=\"elementor-element elementor-element-f0c21b6 elementor-pagination-position-inside elementor-arrows-position-inside elementor-widget elementor-widget-image-carousel\" data-id=\"f0c21b6\" data-element_type=\"widget\" data-settings=\"{&quot;navigation&quot;:&quot;both&quot;,&quot;autoplay&quot;:&quot;yes&quot;,&quot;pause_on_hover&quot;:&quot;yes&quot;,&quot;pause_on_interaction&quot;:&quot;yes&quot;,&quot;autoplay_speed&quot;:5000,&quot;infinite&quot;:&quot;yes&quot;,&quot;speed&quot;:500}\" data-widget_type=\"image-carousel.default\">\n\t\t\t\t<div class=\"elementor-widget-container\">\n\t\t\t\t\t<div class=\"elementor-image-carousel-wrapper swiper-container\" dir=\"ltr\">\n\t\t\t<div class=\"elementor-image-carousel swiper-wrapper\">\n\t\t\t\t<div class=\"swiper-slide\"><figure class=\"swiper-slide-inner\"><img class=\"swiper-slide-image\" src=\"https:\/\/legno.com.co\/wp-content\/uploads\/2020\/09\/CLOSET-L-01-2.jpg\" alt=\"CLOSET L 01\" \/><\/figure><\/div><div class=\"swiper-slide\"><figure class=\"swiper-slide-inner\"><img class=\"swiper-slide-image\" src=\"https:\/\/legno.com.co\/wp-content\/uploads\/2020\/09\/CLOSET-L-02-1.jpg\" alt=\"CLOSET L 02\" \/><\/figure><\/div><div class=\"swiper-slide\"><figure class=\"swiper-slide-inner\"><img class=\"swiper-slide-image\" src=\"https:\/\/legno.com.co\/wp-content\/uploads\/2020\/09\/CLOSET-L-03-1.jpg\" alt=\"CLOSET L 03\" \/><\/figure><\/div><div class=\"swiper-slide\"><figure class=\"swiper-slide-inner\"><img class=\"swiper-slide-image\" src=\"https:\/\/legno.com.co\/wp-content\/uploads\/2020\/09\/CLOSET-L-04-1.jpg\" alt=\"CLOSET L 04\" \/><\/figure><\/div><div class=\"swiper-slide\"><figure class=\"swiper-slide-inner\"><img class=\"swiper-slide-image\" src=\"https:\/\/legno.com.co\/wp-content\/uploads\/2020\/09\/CLOSET-L-05-1.jpg\" alt=\"CLOSET L 05\" \/><\/figure><\/div><div class=\"swiper-slide\"><figure class=\"swiper-slide-inner\"><img class=\"swiper-slide-image\" src=\"https:\/\/legno.com.co\/wp-content\/uploads\/2020\/09\/CLOSET-L-06.jpg\" alt=\"CLOSET L 06\" \/><\/figure><\/div><div class=\"swiper-slide\"><figure class=\"swiper-slide-inner\"><img class=\"swiper-slide-image\" src=\"https:\/\/legno.com.co\/wp-content\/uploads\/2020\/09\/CLOSET-L-21-1.jpg\" alt=\"CLOSET L 21\" \/><\/figure><\/div><div class=\"swiper-slide\"><figure class=\"swiper-slide-inner\"><img class=\"swiper-slide-image\" src=\"https:\/\/legno.com.co\/wp-content\/uploads\/2020\/09\/CLOSET-L-22.jpg\" alt=\"CLOSET L 22\" \/><\/figure><\/div><div class=\"swiper-slide\"><figure class=\"swiper-slide-inner\"><img class=\"swiper-slide-image\" src=\"https:\/\/legno.com.co\/wp-content\/uploads\/2020\/09\/CLOSET-L-23-1.jpg\" alt=\"CLOSET L 23\" \/><\/figure><\/div><div class=\"swiper-slide\"><figure class=\"swiper-slide-inner\"><img class=\"swiper-slide-image\" src=\"https:\/\/legno.com.co\/wp-content\/uploads\/2020\/09\/CLOSET-L-24-1.jpg\" alt=\"CLOSET L 24\" \/><\/figure><\/div><div class=\"swiper-slide\"><figure class=\"swiper-slide-inner\"><img class=\"swiper-slide-image\" src=\"https:\/\/legno.com.co\/wp-content\/uploads\/2020\/09\/CLOSET-L-25-1.jpg\" alt=\"CLOSET L 25\" \/><\/figure><\/div><div class=\"swiper-slide\"><figure class=\"swiper-slide-inner\"><img class=\"swiper-slide-image\" src=\"https:\/\/legno.com.co\/wp-content\/uploads\/2020\/09\/CLOSET-L-26.jpg\" alt=\"CLOSET L 26\" \/><\/figure><\/div>\t\t\t<\/div>\n\t\t\t\t\t\t\t\t\t\t\t\t<div class=\"swiper-pagination\"><\/div>\n\t\t\t\t\t\t\t\t\t\t\t\t\t<div class=\"elementor-swiper-button elementor-swiper-button-prev\">\n\t\t\t\t\t\t<i class=\"eicon-chevron-left\" aria-hidden=\"true\"><\/i>\n\t\t\t\t\t\t<span class=\"elementor-screen-only\">Anterior<\/span>\n\t\t\t\t\t<\/div>\n\t\t\t\t\t<div class=\"elementor-swiper-button elementor-swiper-button-next\">\n\t\t\t\t\t\t<i class=\"eicon-chevron-right\" aria-hidden=\"true\"><\/i>\n\t\t\t\t\t\t<span class=\"elementor-screen-only\">Siguiente<\/span>\n\t\t\t\t\t<\/div>\n\t\t\t\t\t\t\t\t\t<\/div>\n\t\t\t\t<\/div>\n\t\t\t\t<\/div>\n\t\t\t\t<div class=\"elementor-element elementor-element-d1616aa elementor-widget elementor-widget-text-editor\" data-id=\"d1616aa\" data-element_type=\"widget\" data-widget_type=\"text-editor.default\">\n\t\t\t\t<div class=\"elementor-widget-container\">\n\t\t\t\t\t<div class=\"elementor-text-editor elementor-clearfix\"><p>Closet tipo \u00abL\u00bb estructura fabricada en aglomerado 15mm y puertas en aglomerado 18mm color a escoger por el cliente. Comprende 5 entrepa\u00f1os, maletero superior en forma de \u00abL\u00bb y 2 tubos ovalados para colgar ropa. Las puertas se instalan bisagras cierre lento y manijas tubulares. En la versi\u00f3n full se incluyen 4 cajones con rieles de extensi\u00f3n total y manijas tubulares.<\/p><\/div>\n\t\t\t\t<\/div>\n\t\t\t\t<\/div>\n\t\t\t\t\t\t<\/div>\n\t\t\t\t\t<\/div>\n\t\t<\/div>\n\t\t\t\t\t\t\t\t<\/div>\n\t\t\t\t\t<\/div>\n\t\t<\/section>\n\t\t\t\t<section class=\"elementor-section elementor-top-section elementor-element elementor-element-a45b8e7 elementor-section-boxed elementor-section-height-default elementor-section-height-default\" data-id=\"a45b8e7\" data-element_type=\"section\">\n\t\t\t\t\t\t<div class=\"elementor-container elementor-column-gap-default\">\n\t\t\t\t\t\t\t<div class=\"elementor-row\">\n\t\t\t\t\t<div class=\"elementor-column elementor-col-100 elementor-top-column elementor-element elementor-element-164f0f8\" data-id=\"164f0f8\" data-element_type=\"column\">\n\t\t\t<div class=\"elementor-column-wrap elementor-element-populated\">\n\t\t\t\t\t\t\t<div class=\"elementor-widget-wrap\">\n\t\t\t\t\t\t<div class=\"elementor-element elementor-element-78e7979 elementor-widget elementor-widget-heading\" data-id=\"78e7979\" data-element_type=\"widget\" data-widget_type=\"heading.default\">\n\t\t\t\t<div class=\"elementor-widget-container\">\n\t\t\t<h6 class=\"elementor-heading-title elementor-size-default\">VESTIER ROOM<\/h6>\t\t<\/div>\n\t\t\t\t<\/div>\n\t\t\t\t<div class=\"elementor-element elementor-element-7a64d42 elementor-pagination-position-inside elementor-arrows-position-inside elementor-widget elementor-widget-image-carousel\" data-id=\"7a64d42\" data-element_type=\"widget\" data-settings=\"{&quot;navigation&quot;:&quot;both&quot;,&quot;autoplay&quot;:&quot;yes&quot;,&quot;pause_on_hover&quot;:&quot;yes&quot;,&quot;pause_on_interaction&quot;:&quot;yes&quot;,&quot;autoplay_speed&quot;:5000,&quot;infinite&quot;:&quot;yes&quot;,&quot;speed&quot;:500}\" data-widget_type=\"image-carousel.default\">\n\t\t\t\t<div class=\"elementor-widget-container\">\n\t\t\t\t\t<div class=\"elementor-image-carousel-wrapper swiper-container\" dir=\"ltr\">\n\t\t\t<div class=\"elementor-image-carousel swiper-wrapper\">\n\t\t\t\t<div class=\"swiper-slide\"><figure class=\"swiper-slide-inner\"><img class=\"swiper-slide-image\" src=\"https:\/\/legno.com.co\/wp-content\/uploads\/2020\/09\/CLOSET-L-31-1.jpg\" alt=\"CLOSET L 31\" \/><\/figure><\/div><div class=\"swiper-slide\"><figure class=\"swiper-slide-inner\"><img class=\"swiper-slide-image\" src=\"https:\/\/legno.com.co\/wp-content\/uploads\/2020\/09\/CLOSET-L-32.jpg\" alt=\"CLOSET L 32\" \/><\/figure><\/div><div class=\"swiper-slide\"><figure class=\"swiper-slide-inner\"><img class=\"swiper-slide-image\" src=\"https:\/\/legno.com.co\/wp-content\/uploads\/2020\/09\/CLOSET-L-33.jpg\" alt=\"CLOSET L 33\" \/><\/figure><\/div><div class=\"swiper-slide\"><figure class=\"swiper-slide-inner\"><img class=\"swiper-slide-image\" src=\"https:\/\/legno.com.co\/wp-content\/uploads\/2020\/09\/CLOSET-L-34.jpg\" alt=\"CLOSET L 34\" \/><\/figure><\/div><div class=\"swiper-slide\"><figure class=\"swiper-slide-inner\"><img class=\"swiper-slide-image\" src=\"https:\/\/legno.com.co\/wp-content\/uploads\/2020\/09\/CLOSET-L-35.jpg\" alt=\"CLOSET L 35\" \/><\/figure><\/div><div class=\"swiper-slide\"><figure class=\"swiper-slide-inner\"><img class=\"swiper-slide-image\" src=\"https:\/\/legno.com.co\/wp-content\/uploads\/2020\/09\/CLOSET-L-36.jpg\" alt=\"CLOSET L 36\" \/><\/figure><\/div><div class=\"swiper-slide\"><figure class=\"swiper-slide-inner\"><img class=\"swiper-slide-image\" src=\"https:\/\/legno.com.co\/wp-content\/uploads\/2020\/09\/CLOSET-L-41-1.jpg\" alt=\"CLOSET L 41\" \/><\/figure><\/div><div class=\"swiper-slide\"><figure class=\"swiper-slide-inner\"><img class=\"swiper-slide-image\" src=\"https:\/\/legno.com.co\/wp-content\/uploads\/2020\/09\/CLOSET-L-42.jpg\" alt=\"CLOSET L 42\" \/><\/figure><\/div><div class=\"swiper-slide\"><figure class=\"swiper-slide-inner\"><img class=\"swiper-slide-image\" src=\"https:\/\/legno.com.co\/wp-content\/uploads\/2020\/09\/CLOSET-L-43.jpg\" alt=\"CLOSET L 43\" \/><\/figure><\/div><div class=\"swiper-slide\"><figure class=\"swiper-slide-inner\"><img class=\"swiper-slide-image\" src=\"https:\/\/legno.com.co\/wp-content\/uploads\/2020\/09\/CLOSET-L-44.jpg\" alt=\"CLOSET L 44\" \/><\/figure><\/div><div class=\"swiper-slide\"><figure class=\"swiper-slide-inner\"><img class=\"swiper-slide-image\" src=\"https:\/\/legno.com.co\/wp-content\/uploads\/2020\/09\/CLOSET-L-45.jpg\" alt=\"CLOSET L 45\" \/><\/figure><\/div><div class=\"swiper-slide\"><figure class=\"swiper-slide-inner\"><img class=\"swiper-slide-image\" src=\"https:\/\/legno.com.co\/wp-content\/uploads\/2020\/09\/CLOSET-L-46.jpg\" alt=\"CLOSET L 46\" \/><\/figure><\/div>\t\t\t<\/div>\n\t\t\t\t\t\t\t\t\t\t\t\t<div class=\"swiper-pagination\"><\/div>\n\t\t\t\t\t\t\t\t\t\t\t\t\t<div class=\"elementor-swiper-button elementor-swiper-button-prev\">\n\t\t\t\t\t\t<i class=\"eicon-chevron-left\" aria-hidden=\"true\"><\/i>\n\t\t\t\t\t\t<span class=\"elementor-screen-only\">Anterior<\/span>\n\t\t\t\t\t<\/div>\n\t\t\t\t\t<div class=\"elementor-swiper-button elementor-swiper-button-next\">\n\t\t\t\t\t\t<i class=\"eicon-chevron-right\" aria-hidden=\"true\"><\/i>\n\t\t\t\t\t\t<span class=\"elementor-screen-only\">Siguiente<\/span>\n\t\t\t\t\t<\/div>\n\t\t\t\t\t\t\t\t\t<\/div>\n\t\t\t\t<\/div>\n\t\t\t\t<\/div>\n\t\t\t\t<div class=\"elementor-element elementor-element-54c194a elementor-widget elementor-widget-text-editor\" data-id=\"54c194a\" data-element_type=\"widget\" data-widget_type=\"text-editor.default\">\n\t\t\t\t<div class=\"elementor-widget-container\">\n\t\t\t\t\t<div class=\"elementor-text-editor elementor-clearfix\"><p>Closet de vestier, estructura fabricada en aglomerado 15mm color a escoger por el cliente. Comprende 5 entrepa\u00f1os a cada lado, maletero superior en forma de \u00abL\u00bb y 2 tubos ovalados para colgar ropa. En la versi\u00f3n sencilla lleva solo entrepa\u00f1os y en la version full puede llevar una o dos zonas de cajones con 4 cajones cada una.<\/p><\/div>\n\t\t\t\t<\/div>\n\t\t\t\t<\/div>\n\t\t\t\t\t\t<\/div>\n\t\t\t\t\t<\/div>\n\t\t<\/div>\n\t\t\t\t\t\t\t\t<\/div>\n\t\t\t\t\t<\/div>\n\t\t<\/section>\n\t\t\t\t\t\t<\/div>\n\t\t\t\t\t\t<\/div>\n\t\t\t\t\t<\/div>\n\t\t","protected":false},"excerpt":{"rendered":"<p>CLOSET SENCILLO Anterior Siguiente Closet sencillo y econ\u00f3mico, estructura fabricada en aglomerado 15mm y puertas en aglomerado 18mm color a escoger por el cliente. Comprende 5 entrepa\u00f1os, maletero superior y tubos ovalados para colgar ropa. En la versi\u00f3n de puertas para abrir se instalan bisagras cierre lento y manijas tubulares. en la versi\u00f3n de puertas [&hellip;]<\/p>\n","protected":false},"author":1,"featured_media":0,"parent":0,"menu_order":0,"comment_status":"closed","ping_status":"closed","template":"","meta":[],"_links":{"self":[{"href":"https:\/\/legno.com.co\/index.php?rest_route=\/wp\/v2\/pages\/238"}],"collection":[{"href":"https:\/\/legno.com.co\/index.php?rest_route=\/wp\/v2\/pages"}],"about":[{"href":"https:\/\/legno.com.co\/index.php?rest_route=\/wp\/v2\/types\/page"}],"author":[{"embeddable":true,"href":"https:\/\/legno.com.co\/index.php?rest_route=\/wp\/v2\/users\/1"}],"replies":[{"embeddable":true,"href":"https:\/\/legno.com.co\/index.php?rest_route=%2Fwp%2Fv2%2Fcomments&post=238"}],"version-history":[{"count":18,"href":"https:\/\/legno.com.co\/index.php?rest_route=\/wp\/v2\/pages\/238\/revisions"}],"predecessor-version":[{"id":871,"href":"https:\/\/legno.com.co\/index.php?rest_route=\/wp\/v2\/pages\/238\/revisions\/871"}],"wp:attachment":[{"href":"https:\/\/legno.com.co\/index.php?rest_route=%2Fwp%2Fv2%2Fmedia&parent=238"}],"curies":[{"name":"wp","href":"https:\/\/api.w.org\/{rel}","templated":true}]}}